{"id":75,"date":"2025-08-15T13:45:00","date_gmt":"2025-08-15T11:45:00","guid":{"rendered":"https:\/\/du-it-news.sosuforalle.dk\/?page_id=75"},"modified":"2025-08-19T22:14:41","modified_gmt":"2025-08-19T20:14:41","slug":"eksempel-side-2-2-2","status":"publish","type":"page","link":"https:\/\/du-it-news.sosuforalle.dk\/","title":{"rendered":"NYHEDSBREV 2"},"content":{"rendered":"<div>\n<p><img loading=\"lazy\" decoding=\"async\" class=\"alignnone wp-image-101\" src=\"https:\/\/du-it-news.sosuforalle.dk\/wp-content\/uploads\/2025\/08\/du-it-nyh-2.png\" alt=\"\" width=\"315\" height=\"204\" srcset=\"https:\/\/du-it-news.sosuforalle.dk\/wp-content\/uploads\/2025\/08\/du-it-nyh-2.png 791w, https:\/\/du-it-news.sosuforalle.dk\/wp-content\/uploads\/2025\/08\/du-it-nyh-2-300x195.png 300w, https:\/\/du-it-news.sosuforalle.dk\/wp-content\/uploads\/2025\/08\/du-it-nyh-2-768x498.png 768w\" sizes=\"auto, (max-width: 315px) 100vw, 315px\" \/><\/p>\n<p><strong>August 2025<\/strong><\/p>\n<div>\n<p>Dette nyhedsbrev om DU-IT omhandler prim\u00e6rt version 4 af DU-IT. Vi s\u00e6tter fokus p\u00e5 de nye tiltag, justeringer og \u00e6ndringer i DU-IT. Du kan l\u00e6se om tidligere tiltag i <a href=\"https:\/\/du-it-news.sosuforalle.dk\/?page_id=2\">Nyhedsbrev 1.<\/a><\/p>\n<p>Nedenfor gennemg\u00e5r vi nye tiltag og \u00e6ndringer pr 19e August 2025:<\/p>\n<\/div>\n<div>\n<h1 id=\"_Toc117083758\">1 Nyt for elever<\/h1>\n<\/div>\n<\/div>\n<div>\n<div>\n<h2 id=\"_Toc117083759\">1.1 Valg af skole<\/h2>\n<\/div>\n<p>Som elev skal du i version 4, n\u00e5r du bruger DU-IT, udover at v\u00e6lge den uddannelse du g\u00e5r p\u00e5, ogs\u00e5 v\u00e6lge hvilken afdeling du tilh\u00f8rer (\u00c5rhus, Silkeborg, Skanderborg). Det g\u00f8r du ved at g\u00e5 ind p\u00e5 din profil og markere din skole i rullegardinet og trykke gem. P\u00e5 denne m\u00e5de vil du kunne se dokumenter og links, der kun er relevante for de enkelte afdelinger.<\/p>\n<p><img loading=\"lazy\" decoding=\"async\" class=\"alignleft wp-image-76 size-medium\" src=\"https:\/\/du-it-news.sosuforalle.dk\/wp-content\/uploads\/2025\/08\/IMG_4785-300x157.jpeg\" alt=\"\" width=\"300\" height=\"157\" srcset=\"https:\/\/du-it-news.sosuforalle.dk\/wp-content\/uploads\/2025\/08\/IMG_4785-300x157.jpeg 300w, https:\/\/du-it-news.sosuforalle.dk\/wp-content\/uploads\/2025\/08\/IMG_4785.jpeg 614w\" sizes=\"auto, (max-width: 300px) 100vw, 300px\" \/><img loading=\"lazy\" decoding=\"async\" class=\"alignleft wp-image-77 size-medium\" src=\"https:\/\/du-it-news.sosuforalle.dk\/wp-content\/uploads\/2025\/08\/IMG_4786-300x163.jpeg\" alt=\"\" width=\"300\" height=\"163\" srcset=\"https:\/\/du-it-news.sosuforalle.dk\/wp-content\/uploads\/2025\/08\/IMG_4786-300x163.jpeg 300w, https:\/\/du-it-news.sosuforalle.dk\/wp-content\/uploads\/2025\/08\/IMG_4786-1024x557.jpeg 1024w, https:\/\/du-it-news.sosuforalle.dk\/wp-content\/uploads\/2025\/08\/IMG_4786-768x418.jpeg 768w, https:\/\/du-it-news.sosuforalle.dk\/wp-content\/uploads\/2025\/08\/IMG_4786.jpeg 1283w\" sizes=\"auto, (max-width: 300px) 100vw, 300px\" \/><\/p>\n<div style=\"display: inline-block;\">\n<h2 id=\"_Toc117083760\">1.2 Slet poster i S.P.O.T sporet<\/h2>\n<\/div>\n<p>Fra DU-IT version 4 kan du som elev nu selv slette opslag i S.P.O.T. Der vil st\u00e5 dit navn, hvilket klokkesl\u00e6t og hvilken grund du har til at slette posten. Det betyder ogs\u00e5 at hvis du sletter noget du har aftalt med vejleder <span style=\"text-decoration: underline;\">ikke<\/span> skulle slettes, kan det afl\u00e6ses.<\/p>\n<h2><img loading=\"lazy\" decoding=\"async\" class=\"alignleft wp-image-84 size-medium\" src=\"https:\/\/du-it-news.sosuforalle.dk\/wp-content\/uploads\/2025\/08\/IMG_4787-300x135.jpeg\" alt=\"\" width=\"300\" height=\"135\" srcset=\"https:\/\/du-it-news.sosuforalle.dk\/wp-content\/uploads\/2025\/08\/IMG_4787-300x135.jpeg 300w, https:\/\/du-it-news.sosuforalle.dk\/wp-content\/uploads\/2025\/08\/IMG_4787.jpeg 561w\" sizes=\"auto, (max-width: 300px) 100vw, 300px\" \/> <img loading=\"lazy\" decoding=\"async\" class=\"alignleft wp-image-83 size-medium\" src=\"https:\/\/du-it-news.sosuforalle.dk\/wp-content\/uploads\/2025\/08\/IMG_4788-300x224.jpeg\" alt=\"\" width=\"300\" height=\"224\" srcset=\"https:\/\/du-it-news.sosuforalle.dk\/wp-content\/uploads\/2025\/08\/IMG_4788-300x224.jpeg 300w, https:\/\/du-it-news.sosuforalle.dk\/wp-content\/uploads\/2025\/08\/IMG_4788.jpeg 764w\" sizes=\"auto, (max-width: 300px) 100vw, 300px\" \/><\/h2>\n<div style=\"display: inline-block;\">\n<h2 id=\"_Toc117083760\">1.3 Lav visuelle links<\/h2>\n<\/div>\n<p>Det er nu muligt at lave links med forh\u00e5ndsvisning, s\u00e5 man kan skabe mere visuelt dynamiske opslag. Man klikker p\u00e5 <strong>Inds\u00e6t link preview<\/strong> n\u00e5r man markerer linket.<\/p>\n<p><img loading=\"lazy\" decoding=\"async\" class=\"alignnone wp-image-86 size-large\" src=\"https:\/\/du-it-news.sosuforalle.dk\/wp-content\/uploads\/2025\/08\/IMG_4791-1024x749.jpeg\" alt=\"\" width=\"678\" height=\"496\" srcset=\"https:\/\/du-it-news.sosuforalle.dk\/wp-content\/uploads\/2025\/08\/IMG_4791-1024x749.jpeg 1024w, https:\/\/du-it-news.sosuforalle.dk\/wp-content\/uploads\/2025\/08\/IMG_4791-300x220.jpeg 300w, https:\/\/du-it-news.sosuforalle.dk\/wp-content\/uploads\/2025\/08\/IMG_4791-768x562.jpeg 768w, https:\/\/du-it-news.sosuforalle.dk\/wp-content\/uploads\/2025\/08\/IMG_4791.jpeg 1484w\" sizes=\"auto, (max-width: 678px) 100vw, 678px\" \/><\/p>\n<div>\n<h2 id=\"_Toc117083764\">1.4 Rettelse af elev-mails<\/h2>\n<\/div>\n<p>I den nye udgave af du-it er alle elev-mails rettet s\u00e5 de afspejler det nye format: <strong>brugernavn@elev.sosuoj.dk <\/strong>&#8211; Det er ogs\u00e5 muligt selv at rette sin sosuoj-mail (under din profil), men burde ikke v\u00e6re n\u00f8dvendigt.<\/p>\n<h2 id=\"_Toc117083764\">1.5 Filomr\u00e5der og links<\/h2>\n<p>I den nye udgave af DU-IT har ben\u00e6vnelserne i venstremenuen \u00e6ndret sig lidt. Nu hedder filer i venstremenuen L\u00e6rings-ressourcer og der kan b\u00e5de v\u00e6re F\u00e6lles opgaver og Links samt nyhedsbreve. Man kan folde de forskellige emner i L\u00e6ringsressourcer ud og folde dem ind igen.<\/p>\n<p><img loading=\"lazy\" decoding=\"async\" class=\"alignnone size-medium wp-image-118\" src=\"https:\/\/du-it-news.sosuforalle.dk\/wp-content\/uploads\/2025\/08\/IMG_4796-225x300.jpeg\" alt=\"\" width=\"225\" height=\"300\" srcset=\"https:\/\/du-it-news.sosuforalle.dk\/wp-content\/uploads\/2025\/08\/IMG_4796-225x300.jpeg 225w, https:\/\/du-it-news.sosuforalle.dk\/wp-content\/uploads\/2025\/08\/IMG_4796.jpeg 631w\" sizes=\"auto, (max-width: 225px) 100vw, 225px\" \/><\/p>\n<h1 id=\"_Toc117083764\">2 Nyt for vejledere og holdansvarlige<\/h1>\n<h2 id=\"_Toc117083766\">2.1 Filomr\u00e5der og links<\/h2>\n<p>I den nye udgave af DU-IT har ben\u00e6vnelserne i venstremenuen \u00e6ndret sig lidt. Nu hedder filer i venstremenuen L\u00e6rings-ressourcer og der kan b\u00e5de v\u00e6re Lokale dokumenter fra lokal-administrator samt F\u00e6lles opgaver og Links \u00a0samt nyhedsbreve. Man kan folde de forskellige emner i L\u00e6ringsressourcer ud og folde dem ind igen.<\/p>\n<h2><img loading=\"lazy\" decoding=\"async\" class=\"alignnone size-medium wp-image-98\" src=\"https:\/\/du-it-news.sosuforalle.dk\/wp-content\/uploads\/2025\/08\/duit_4_omraade-226x300.png\" alt=\"\" width=\"226\" height=\"300\" srcset=\"https:\/\/du-it-news.sosuforalle.dk\/wp-content\/uploads\/2025\/08\/duit_4_omraade-226x300.png 226w, https:\/\/du-it-news.sosuforalle.dk\/wp-content\/uploads\/2025\/08\/duit_4_omraade.png 291w\" sizes=\"auto, (max-width: 226px) 100vw, 226px\" \/><br \/>\n2.2 Elev-ressourcer<\/h2>\n<p>Der har v\u00e6ret utroligt mange dokumenter i venstremenuen til vejledere, bl.a. fordi de gerne har villet kunne f\u00f8lge med i, hvilke dokumenter og links deres elever havde adgang til. Det har vi pr\u00f8vet at l\u00f8se ved at man nu kan se hvad der f eks er i venstremenuen for de forskellige elever man har at g\u00f8re med. Man kan ogs\u00e5 se en liste over alle de forskellige elevers retninger og matriklers venstremenuer, p\u00e5 en gang. Man kan som vejleder og holdansvarlig, p\u00e5 denne m\u00e5de, \u00a0sikre sig at eleverne kan tilg\u00e5 de rigtige elementer p\u00e5 DU-IT.<\/p>\n<\/div>\n<p><img loading=\"lazy\" decoding=\"async\" class=\"alignnone wp-image-99\" src=\"https:\/\/du-it-news.sosuforalle.dk\/wp-content\/uploads\/2025\/08\/duit_4_elevress-300x115.png\" alt=\"\" width=\"500\" height=\"191\" srcset=\"https:\/\/du-it-news.sosuforalle.dk\/wp-content\/uploads\/2025\/08\/duit_4_elevress-300x115.png 300w, https:\/\/du-it-news.sosuforalle.dk\/wp-content\/uploads\/2025\/08\/duit_4_elevress-768x293.png 768w, https:\/\/du-it-news.sosuforalle.dk\/wp-content\/uploads\/2025\/08\/duit_4_elevress.png 835w\" sizes=\"auto, (max-width: 500px) 100vw, 500px\" \/><\/p>\n<div>\n<h1 id=\"_Toc117083766\">3 Nyt for lokaladministratorer<\/h1>\n<h2>3.1 Lokale dokumenter<\/h2>\n<p>Det er nu muligt for lokaladministrator, at l\u00e6gge egne dokumenter op til sine tilknyttede vejledere. Man aktiverer lokale dokumenter og kan derefter l\u00e6gge filer op i mappestruktur. Vejlederne kan tilg\u00e5 disse fra venstremenuen.<\/p>\n<p><img loading=\"lazy\" decoding=\"async\" class=\"alignnone wp-image-125 size-large\" src=\"https:\/\/du-it-news.sosuforalle.dk\/wp-content\/uploads\/2025\/08\/IMG_0381-1024x342.jpeg\" alt=\"\" width=\"678\" height=\"226\" srcset=\"https:\/\/du-it-news.sosuforalle.dk\/wp-content\/uploads\/2025\/08\/IMG_0381-1024x342.jpeg 1024w, https:\/\/du-it-news.sosuforalle.dk\/wp-content\/uploads\/2025\/08\/IMG_0381-300x100.jpeg 300w, https:\/\/du-it-news.sosuforalle.dk\/wp-content\/uploads\/2025\/08\/IMG_0381-768x256.jpeg 768w, https:\/\/du-it-news.sosuforalle.dk\/wp-content\/uploads\/2025\/08\/IMG_0381.jpeg 1072w\" sizes=\"auto, (max-width: 678px) 100vw, 678px\" \/><\/p>\n<h2>3.2 Med-administrator<\/h2>\n<p>Det er allerede muligt at udn\u00e6vne vejledere til med-administratorer, men vi n\u00e6vner det lige igen for en god ordens skyld. Det kan v\u00e6re en god ide at v\u00e6re flere der har tjansen, hvis der pludselig opst\u00e5r behov for at \u00e6ndre p\u00e5 lokalt indhold eller medlemmer, og den s\u00e6dvanlige lokaladministrator er forhindret.<\/p>\n<p><img loading=\"lazy\" decoding=\"async\" class=\"size-full wp-image-127 aligncenter\" src=\"https:\/\/du-it-news.sosuforalle.dk\/wp-content\/uploads\/2025\/08\/IMG_0382.jpeg\" alt=\"\" width=\"904\" height=\"308\" srcset=\"https:\/\/du-it-news.sosuforalle.dk\/wp-content\/uploads\/2025\/08\/IMG_0382.jpeg 904w, https:\/\/du-it-news.sosuforalle.dk\/wp-content\/uploads\/2025\/08\/IMG_0382-300x102.jpeg 300w, https:\/\/du-it-news.sosuforalle.dk\/wp-content\/uploads\/2025\/08\/IMG_0382-768x262.jpeg 768w\" sizes=\"auto, (max-width: 904px) 100vw, 904px\" \/><\/p>\n<h1>Generelle \u00e6ndringer i DU-IT<\/h1>\n<p>Der bliver nu i henhold til skolens GDPR politik ryddet op i brugere der ikke er aktive elever l\u00e6ngere, og det bliver skrevet ud til de p\u00e5g\u00e6ldende elever.<\/p>\n<\/div>\n","protected":false},"excerpt":{"rendered":"<p>August 2025 Dette nyhedsbrev om DU-IT omhandler prim\u00e6rt version 4 af DU-IT. Vi s\u00e6tter fokus p\u00e5 de nye tiltag, justeringer og \u00e6ndringer i DU-IT. Du kan l\u00e6se om tidligere tiltag i Nyhedsbrev 1. Nedenfor gennemg\u00e5r vi nye tiltag og \u00e6ndringer pr 19e August 2025: 1 Nyt for elever 1.1 Valg af skole Som elev skal [&hellip;]<\/p>\n","protected":false},"author":1,"featured_media":0,"parent":0,"menu_order":0,"comment_status":"closed","ping_status":"open","template":"","meta":{"footnotes":""},"class_list":["post-75","page","type-page","status-publish","hentry"],"_links":{"self":[{"href":"https:\/\/du-it-news.sosuforalle.dk\/index.php?rest_route=\/wp\/v2\/pages\/75","targetHints":{"allow":["GET"]}}],"collection":[{"href":"https:\/\/du-it-news.sosuforalle.dk\/index.php?rest_route=\/wp\/v2\/pages"}],"about":[{"href":"https:\/\/du-it-news.sosuforalle.dk\/index.php?rest_route=\/wp\/v2\/types\/page"}],"author":[{"embeddable":true,"href":"https:\/\/du-it-news.sosuforalle.dk\/index.php?rest_route=\/wp\/v2\/users\/1"}],"replies":[{"embeddable":true,"href":"https:\/\/du-it-news.sosuforalle.dk\/index.php?rest_route=%2Fwp%2Fv2%2Fcomments&post=75"}],"version-history":[{"count":46,"href":"https:\/\/du-it-news.sosuforalle.dk\/index.php?rest_route=\/wp\/v2\/pages\/75\/revisions"}],"predecessor-version":[{"id":138,"href":"https:\/\/du-it-news.sosuforalle.dk\/index.php?rest_route=\/wp\/v2\/pages\/75\/revisions\/138"}],"wp:attachment":[{"href":"https:\/\/du-it-news.sosuforalle.dk\/index.php?rest_route=%2Fwp%2Fv2%2Fmedia&parent=75"}],"curies":[{"name":"wp","href":"https:\/\/api.w.org\/{rel}","templated":true}]}}